{"id":17,"date":"2023-10-11T16:46:42","date_gmt":"2023-10-11T14:46:42","guid":{"rendered":"https:\/\/www.inovasec.sk\/iSdorOY3RYLwcix\/?page_id=17"},"modified":"2023-11-27T14:31:33","modified_gmt":"2023-11-27T13:31:33","slug":"home","status":"publish","type":"page","link":"https:\/\/www.inovasec.sk\/iSdorOY3RYLwcix\/","title":{"rendered":"Home"},"content":{"rendered":"\t\t<div data-elementor-type=\"wp-page\" data-elementor-id=\"17\" class=\"elementor elementor-17\">\n\t\t\t\t\t\t\t<div class=\"elementor-element elementor-element-abc58a0 e-flex e-con-boxed e-con e-parent\" data-id=\"abc58a0\" data-element_type=\"container\" data-settings=\"{&quot;background_background&quot;:&quot;slideshow&quot;,&quot;background_slideshow_gallery&quot;:[{&quot;id&quot;:216,&quot;url&quot;:&quot;https:\\\/\\\/www.inovasec.sk\\\/iSdorOY3RYLwcix\\\/wp-content\\\/uploads\\\/2023\\\/10\\\/security-camera-scaled.jpg&quot;},{&quot;id&quot;:206,&quot;url&quot;:&quot;https:\\\/\\\/www.inovasec.sk\\\/iSdorOY3RYLwcix\\\/wp-content\\\/uploads\\\/2023\\\/10\\\/stand-alone-solar-panel-system-installation-renewable-green-energy-scaled.jpg&quot;},{&quot;id&quot;:220,&quot;url&quot;:&quot;https:\\\/\\\/www.inovasec.sk\\\/iSdorOY3RYLwcix\\\/wp-content\\\/uploads\\\/2023\\\/10\\\/woman-s-hand-uses-doorbell-wall-house-with-surveillance-camera-scaled.jpg&quot;},{&quot;id&quot;:46,&quot;url&quot;:&quot;https:\\\/\\\/www.inovasec.sk\\\/iSdorOY3RYLwcix\\\/wp-content\\\/uploads\\\/2023\\\/10\\\/man-florist-working-green-house-scaled.jpg&quot;}],&quot;background_slideshow_slide_duration&quot;:3000,&quot;content_width&quot;:&quot;boxed&quot;,&quot;background_slideshow_loop&quot;:&quot;yes&quot;,&quot;background_slideshow_slide_transition&quot;:&quot;fade&quot;,&quot;background_slideshow_transition_duration&quot;:500}\" data-core-v316-plus=\"true\">\n\t\t\t\t\t<div class=\"e-con-inner\">\n\t\t\t\t<div class=\"elementor-element elementor-element-cc2f584 elementor-widget elementor-widget-image\" data-id=\"cc2f584\" data-element_type=\"widget\" data-widget_type=\"image.default\">\n\t\t\t\t<div class=\"elementor-widget-container\">\n\t\t\t<style>\/*! elementor - v3.17.0 - 08-11-2023 *\/\n.elementor-widget-image{text-align:center}.elementor-widget-image a{display:inline-block}.elementor-widget-image a img[src$=\".svg\"]{width:48px}.elementor-widget-image img{vertical-align:middle;display:inline-block}<\/style>\t\t\t\t\t\t\t\t\t\t\t\t\t<a href=\"#\">\n\t\t\t\t\t\t\t<img loading=\"lazy\" decoding=\"async\" width=\"582\" height=\"385\" src=\"https:\/\/www.inovasec.sk\/iSdorOY3RYLwcix\/wp-content\/uploads\/2023\/10\/no-stroke-1.png\" class=\"attachment-full size-full wp-image-903\" alt=\"\" srcset=\"https:\/\/www.inovasec.sk\/iSdorOY3RYLwcix\/wp-content\/uploads\/2023\/10\/no-stroke-1.png 582w, https:\/\/www.inovasec.sk\/iSdorOY3RYLwcix\/wp-content\/uploads\/2023\/10\/no-stroke-1-300x198.png 300w\" sizes=\"auto, (max-width: 582px) 100vw, 582px\" \/>\t\t\t\t\t\t\t\t<\/a>\n\t\t\t\t\t\t\t\t\t\t\t\t\t\t\t<\/div>\n\t\t\t\t<\/div>\n\t\t\t\t\t<\/div>\n\t\t\t\t<\/div>\n\t\t<div class=\"elementor-element elementor-element-18712f9 e-flex e-con-boxed e-con e-parent\" data-id=\"18712f9\" data-element_type=\"container\" data-settings=\"{&quot;content_width&quot;:&quot;boxed&quot;}\" data-core-v316-plus=\"true\">\n\t\t\t\t\t<div class=\"e-con-inner\">\n\t\t<div class=\"elementor-element elementor-element-d38f87f e-con-full e-flex e-con e-child\" data-id=\"d38f87f\" data-element_type=\"container\" data-settings=\"{&quot;content_width&quot;:&quot;full&quot;}\">\n\t\t\t\t<div class=\"elementor-element elementor-element-ba17392 elementor-widget elementor-widget-image\" data-id=\"ba17392\" data-element_type=\"widget\" data-widget_type=\"image.default\">\n\t\t\t\t<div class=\"elementor-widget-container\">\n\t\t\t\t\t\t\t\t\t\t\t\t\t\t\t<img loading=\"lazy\" decoding=\"async\" width=\"150\" height=\"150\" src=\"https:\/\/www.inovasec.sk\/iSdorOY3RYLwcix\/wp-content\/uploads\/2023\/10\/high-quality-150x150.png\" class=\"attachment-thumbnail size-thumbnail wp-image-653\" alt=\"\" srcset=\"https:\/\/www.inovasec.sk\/iSdorOY3RYLwcix\/wp-content\/uploads\/2023\/10\/high-quality-150x150.png 150w, https:\/\/www.inovasec.sk\/iSdorOY3RYLwcix\/wp-content\/uploads\/2023\/10\/high-quality-300x300.png 300w, https:\/\/www.inovasec.sk\/iSdorOY3RYLwcix\/wp-content\/uploads\/2023\/10\/high-quality.png 512w\" sizes=\"auto, (max-width: 150px) 100vw, 150px\" \/>\t\t\t\t\t\t\t\t\t\t\t\t\t\t\t<\/div>\n\t\t\t\t<\/div>\n\t\t\t\t<div class=\"elementor-element elementor-element-2e8a8c0 elementor-widget elementor-widget-heading\" data-id=\"2e8a8c0\" data-element_type=\"widget\" data-widget_type=\"heading.default\">\n\t\t\t\t<div class=\"elementor-widget-container\">\n\t\t\t<style>\/*! elementor - v3.17.0 - 08-11-2023 *\/\n.elementor-heading-title{padding:0;margin:0;line-height:1}.elementor-widget-heading .elementor-heading-title[class*=elementor-size-]>a{color:inherit;font-size:inherit;line-height:inherit}.elementor-widget-heading .elementor-heading-title.elementor-size-small{font-size:15px}.elementor-widget-heading .elementor-heading-title.elementor-size-medium{font-size:19px}.elementor-widget-heading .elementor-heading-title.elementor-size-large{font-size:29px}.elementor-widget-heading .elementor-heading-title.elementor-size-xl{font-size:39px}.elementor-widget-heading .elementor-heading-title.elementor-size-xxl{font-size:59px}<\/style><h5 class=\"elementor-heading-title elementor-size-default\">O n\u00e1s<\/h5>\t\t<\/div>\n\t\t\t\t<\/div>\n\t\t\t\t<div class=\"elementor-element elementor-element-874808b elementor-widget elementor-widget-text-editor\" data-id=\"874808b\" data-element_type=\"widget\" data-widget_type=\"text-editor.default\">\n\t\t\t\t<div class=\"elementor-widget-container\">\n\t\t\t<style>\/*! elementor - v3.17.0 - 08-11-2023 *\/\n.elementor-widget-text-editor.elementor-drop-cap-view-stacked .elementor-drop-cap{background-color:#69727d;color:#fff}.elementor-widget-text-editor.elementor-drop-cap-view-framed .elementor-drop-cap{color:#69727d;border:3px solid;background-color:transparent}.elementor-widget-text-editor:not(.elementor-drop-cap-view-default) .elementor-drop-cap{margin-top:8px}.elementor-widget-text-editor:not(.elementor-drop-cap-view-default) .elementor-drop-cap-letter{width:1em;height:1em}.elementor-widget-text-editor .elementor-drop-cap{float:left;text-align:center;line-height:1;font-size:50px}.elementor-widget-text-editor .elementor-drop-cap-letter{display:inline-block}<\/style>\t\t\t\t<p class=\"MsoNormal\"><span lang=\"SK\">Sme spolo\u010dnos\u0165 profesion\u00e1lne zameran\u00e1 na dod\u00e1vku komplexn\u00fdch rie\u0161en\u00ed integrovan\u00e9ho zabezpe\u010denia objektov, realiz\u00e1ciu elektroin\u0161tal\u00e1cie a poskytovania internetov\u00e9ho pripojenia a d\u00e1tov\u00fdch okruhov. <o:p><\/o:p><\/span><\/p><p class=\"MsoNormal\"><span lang=\"SK\">S\u00fa\u010dasne pon\u00fakame na\u0161e know-how pri prechode na obnovite\u013en\u00e9 zdroje a vyu\u017e\u00edvanie zelenej energie, kedy dod\u00e1vame v\u00fdstavbu fotovoltick\u00fdch elektr\u00e1rn\u00ed na k\u013e\u00fa\u010d.<o:p><\/o:p><\/span><\/p><p class=\"MsoNormal\"><span lang=\"SK\">\u00a0<\/span><\/p><p class=\"MsoNormal\"><span lang=\"SK\">Opierame sa o 20 ro\u010dn\u00e9 sk\u00fasenosti na\u0161ich \u013eud\u00ed, ktor\u00ed s\u00fa pripraven\u00ed navrhn\u00fa\u0165 a doda\u0165 pre v\u00e1s profesion\u00e1lne rie\u0161enia.<o:p><\/o:p><\/span><\/p><p class=\"MsoNormal\"><span lang=\"SK\">N\u00e1\u0161 t\u00edm pozost\u00e1va z 15 sk\u00fasen\u00fdch technikov. <o:p><\/o:p><\/span><\/p><p class=\"MsoNormal\"><span lang=\"SK\">Realizujeme projekty po celom Slovensku a v \u010ceskej republike. <o:p><\/o:p><\/span><\/p><p class=\"MsoNormal\"><span lang=\"SK\">\u00a0<\/span><\/p><p><\/p><p class=\"MsoNormal\"><span lang=\"SK\">Zabezpe\u010dujeme 24 hodinov\u00fa Z\u00e1kazn\u00edcku podporu a poskytujeme promptn\u00fd servis, odborn\u00e9 profylaktiky, rev\u00edzne sk\u00fa\u0161ky, projekciu a odborn\u00e9 poradenstvo.<o:p><\/o:p><\/span><\/p>\t\t\t\t\t\t<\/div>\n\t\t\t\t<\/div>\n\t\t\t\t<\/div>\n\t\t<div class=\"elementor-element elementor-element-ec312e6 e-con-full e-flex e-con e-child\" data-id=\"ec312e6\" data-element_type=\"container\" data-settings=\"{&quot;content_width&quot;:&quot;full&quot;}\">\n\t\t\t\t<div class=\"elementor-element elementor-element-902a5f2 elementor-widget elementor-widget-image\" data-id=\"902a5f2\" data-element_type=\"widget\" data-widget_type=\"image.default\">\n\t\t\t\t<div class=\"elementor-widget-container\">\n\t\t\t\t\t\t\t\t\t\t\t\t\t\t\t<img loading=\"lazy\" decoding=\"async\" width=\"150\" height=\"150\" src=\"https:\/\/www.inovasec.sk\/iSdorOY3RYLwcix\/wp-content\/uploads\/2023\/10\/briefcase-150x150.png\" class=\"attachment-thumbnail size-thumbnail wp-image-652\" alt=\"\" srcset=\"https:\/\/www.inovasec.sk\/iSdorOY3RYLwcix\/wp-content\/uploads\/2023\/10\/briefcase-150x150.png 150w, https:\/\/www.inovasec.sk\/iSdorOY3RYLwcix\/wp-content\/uploads\/2023\/10\/briefcase-300x300.png 300w, https:\/\/www.inovasec.sk\/iSdorOY3RYLwcix\/wp-content\/uploads\/2023\/10\/briefcase.png 512w\" sizes=\"auto, (max-width: 150px) 100vw, 150px\" \/>\t\t\t\t\t\t\t\t\t\t\t\t\t\t\t<\/div>\n\t\t\t\t<\/div>\n\t\t\t\t<div class=\"elementor-element elementor-element-4ed45c0 elementor-widget elementor-widget-heading\" data-id=\"4ed45c0\" data-element_type=\"widget\" data-widget_type=\"heading.default\">\n\t\t\t\t<div class=\"elementor-widget-container\">\n\t\t\t<h5 class=\"elementor-heading-title elementor-size-default\">Sk\u00fasenosti a&nbsp;certifik\u00e1cie<\/h5>\t\t<\/div>\n\t\t\t\t<\/div>\n\t\t\t\t<div class=\"elementor-element elementor-element-0dd8aa5 elementor-widget elementor-widget-text-editor\" data-id=\"0dd8aa5\" data-element_type=\"widget\" data-widget_type=\"text-editor.default\">\n\t\t\t\t<div class=\"elementor-widget-container\">\n\t\t\t\t\t\t\t<p>Na\u0161a spolo\u010dnos\u0165 vlastn\u00ed pr\u00edslu\u0161n\u00fa licenciu na prev\u00e1dzkovanie technickej slu\u017eby \u010d. PT 003452 na projektovanie, mont\u00e1\u017e, \u00fadr\u017ebu, rev\u00edzie a\u00a0opravy zabezpe\u010dovac\u00edch syst\u00e9mov.<\/p><p><\/p><p>Spolo\u010dnos\u0165 je s\u00fa\u010dasne dr\u017eite\u013eom povolenia na poskytovanie elektronick\u00fdch komunika\u010dn\u00fdch siet\u00ed alebo elektronick\u00fdch komunika\u010dn\u00fdch slu\u017eieb.<\/p><p><\/p><p>\u0160pecializujeme sa predov\u0161etk\u00fdm na bezpe\u010dnos\u0165 objektov certifikovan\u00fa popredn\u00fdmi v\u00fdrobcami bezpe\u010dnostn\u00fdch zariaden\u00ed.<\/p><p><\/p><p>Renomovan\u00e1 technika a d\u00f4slednos\u0165 pri mont\u00e1\u017ei dostato\u010dne preverili na\u0161e zrealizovan\u00e9 projekty ako aj\u00a0 potvrdili na\u0161u poz\u00edciu na trhu<span>. <\/span><\/p><p>Akt\u00edvne sledujeme a\u00a0adaptujeme najnov\u0161ie trendy rozvoja bezpe\u010dnostn\u00fdch technol\u00f3gi\u00ed.<\/p><p>Takto z\u00edskan\u00e9 poznatky rozv\u00edjaj\u00fa profesion\u00e1lny rast na\u0161ich technikov.<\/p>\t\t\t\t\t\t<\/div>\n\t\t\t\t<\/div>\n\t\t\t\t<\/div>\n\t\t<div class=\"elementor-element elementor-element-c0a6796 e-con-full e-flex e-con e-child\" data-id=\"c0a6796\" data-element_type=\"container\" data-settings=\"{&quot;content_width&quot;:&quot;full&quot;}\">\n\t\t\t\t<div class=\"elementor-element elementor-element-7a1de4c elementor-widget elementor-widget-image\" data-id=\"7a1de4c\" data-element_type=\"widget\" data-widget_type=\"image.default\">\n\t\t\t\t<div class=\"elementor-widget-container\">\n\t\t\t\t\t\t\t\t\t\t\t\t\t\t\t<img loading=\"lazy\" decoding=\"async\" width=\"150\" height=\"150\" src=\"https:\/\/www.inovasec.sk\/iSdorOY3RYLwcix\/wp-content\/uploads\/2023\/10\/customer-service-1-150x150.png\" class=\"attachment-thumbnail size-thumbnail wp-image-661\" alt=\"\" srcset=\"https:\/\/www.inovasec.sk\/iSdorOY3RYLwcix\/wp-content\/uploads\/2023\/10\/customer-service-1-150x150.png 150w, https:\/\/www.inovasec.sk\/iSdorOY3RYLwcix\/wp-content\/uploads\/2023\/10\/customer-service-1-300x300.png 300w, https:\/\/www.inovasec.sk\/iSdorOY3RYLwcix\/wp-content\/uploads\/2023\/10\/customer-service-1.png 512w\" sizes=\"auto, (max-width: 150px) 100vw, 150px\" \/>\t\t\t\t\t\t\t\t\t\t\t\t\t\t\t<\/div>\n\t\t\t\t<\/div>\n\t\t\t\t<div class=\"elementor-element elementor-element-ce031e3 elementor-widget elementor-widget-heading\" data-id=\"ce031e3\" data-element_type=\"widget\" data-widget_type=\"heading.default\">\n\t\t\t\t<div class=\"elementor-widget-container\">\n\t\t\t<h5 class=\"elementor-heading-title elementor-size-default\">Podpora<\/h5>\t\t<\/div>\n\t\t\t\t<\/div>\n\t\t\t\t<div class=\"elementor-element elementor-element-eb7dfab elementor-widget elementor-widget-text-editor\" data-id=\"eb7dfab\" data-element_type=\"widget\" data-widget_type=\"text-editor.default\">\n\t\t\t\t<div class=\"elementor-widget-container\">\n\t\t\t\t\t\t\t<p>Pre z\u00e1kazn\u00edkov s&nbsp;garantovan\u00fdmi slu\u017ebami a&nbsp;zak\u00fapenou servisnou podporou zabezpe\u010dujeme nonstop Z\u00e1kazn\u00edcku podporu v&nbsp;re\u017eime 24\/7.<\/p>\n<p>\u0160tandardn\u00fd Hotline poskytujeme v&nbsp;pracovn\u00fdch d\u0148och od 8:00 do 17:00.<\/p>\n<p><\/p>\n<p>Kontaktujte na\u0161ich technikov<\/p><p>&nbsp;na \u010d\u00edsle:&nbsp; +421 947 912 913 alebo elektronicky na e-mailovej adrese:&nbsp; <span><a href=\"mailto:hotline@inovasec.sk\">hotline@inovasec.sk<\/a><\/span><\/p>\t\t\t\t\t\t<\/div>\n\t\t\t\t<\/div>\n\t\t\t\t<\/div>\n\t\t\t\t\t<\/div>\n\t\t\t\t<\/div>\n\t\t<div class=\"elementor-element elementor-element-6e323ac e-flex e-con-boxed e-con e-parent\" data-id=\"6e323ac\" data-element_type=\"container\" data-settings=\"{&quot;content_width&quot;:&quot;boxed&quot;}\" data-core-v316-plus=\"true\">\n\t\t\t\t\t<div class=\"e-con-inner\">\n\t\t\t\t<div class=\"elementor-element elementor-element-8fb14d4 elementor-widget elementor-widget-heading\" data-id=\"8fb14d4\" data-element_type=\"widget\" data-widget_type=\"heading.default\">\n\t\t\t\t<div class=\"elementor-widget-container\">\n\t\t\t<h2 class=\"elementor-heading-title elementor-size-default\">\u010co n\u00e1s rob\u00ed jedine\u010dn\u00fdmi<\/h2>\t\t<\/div>\n\t\t\t\t<\/div>\n\t\t\t\t<div class=\"elementor-element elementor-element-66aef2e elementor-widget-divider--view-line elementor-widget elementor-widget-divider\" data-id=\"66aef2e\" data-element_type=\"widget\" data-widget_type=\"divider.default\">\n\t\t\t\t<div class=\"elementor-widget-container\">\n\t\t\t<style>\/*! elementor - v3.17.0 - 08-11-2023 *\/\n.elementor-widget-divider{--divider-border-style:none;--divider-border-width:1px;--divider-color:#0c0d0e;--divider-icon-size:20px;--divider-element-spacing:10px;--divider-pattern-height:24px;--divider-pattern-size:20px;--divider-pattern-url:none;--divider-pattern-repeat:repeat-x}.elementor-widget-divider .elementor-divider{display:flex}.elementor-widget-divider .elementor-divider__text{font-size:15px;line-height:1;max-width:95%}.elementor-widget-divider .elementor-divider__element{margin:0 var(--divider-element-spacing);flex-shrink:0}.elementor-widget-divider .elementor-icon{font-size:var(--divider-icon-size)}.elementor-widget-divider .elementor-divider-separator{display:flex;margin:0;direction:ltr}.elementor-widget-divider--view-line_icon .elementor-divider-separator,.elementor-widget-divider--view-line_text .elementor-divider-separator{align-items:center}.elementor-widget-divider--view-line_icon .elementor-divider-separator:after,.elementor-widget-divider--view-line_icon .elementor-divider-separator:before,.elementor-widget-divider--view-line_text .elementor-divider-separator:after,.elementor-widget-divider--view-line_text .elementor-divider-separator:before{display:block;content:\"\";border-bottom:0;flex-grow:1;border-top:var(--divider-border-width) var(--divider-border-style) var(--divider-color)}.elementor-widget-divider--element-align-left .elementor-divider .elementor-divider-separator>.elementor-divider__svg:first-of-type{flex-grow:0;flex-shrink:100}.elementor-widget-divider--element-align-left .elementor-divider-separator:before{content:none}.elementor-widget-divider--element-align-left .elementor-divider__element{margin-left:0}.elementor-widget-divider--element-align-right .elementor-divider .elementor-divider-separator>.elementor-divider__svg:last-of-type{flex-grow:0;flex-shrink:100}.elementor-widget-divider--element-align-right .elementor-divider-separator:after{content:none}.elementor-widget-divider--element-align-right .elementor-divider__element{margin-right:0}.elementor-widget-divider:not(.elementor-widget-divider--view-line_text):not(.elementor-widget-divider--view-line_icon) .elementor-divider-separator{border-top:var(--divider-border-width) var(--divider-border-style) var(--divider-color)}.elementor-widget-divider--separator-type-pattern{--divider-border-style:none}.elementor-widget-divider--separator-type-pattern.elementor-widget-divider--view-line .elementor-divider-separator,.elementor-widget-divider--separator-type-pattern:not(.elementor-widget-divider--view-line) .elementor-divider-separator:after,.elementor-widget-divider--separator-type-pattern:not(.elementor-widget-divider--view-line) .elementor-divider-separator:before,.elementor-widget-divider--separator-type-pattern:not([class*=elementor-widget-divider--view]) .elementor-divider-separator{width:100%;min-height:var(--divider-pattern-height);-webkit-mask-size:var(--divider-pattern-size) 100%;mask-size:var(--divider-pattern-size) 100%;-webkit-mask-repeat:var(--divider-pattern-repeat);mask-repeat:var(--divider-pattern-repeat);background-color:var(--divider-color);-webkit-mask-image:var(--divider-pattern-url);mask-image:var(--divider-pattern-url)}.elementor-widget-divider--no-spacing{--divider-pattern-size:auto}.elementor-widget-divider--bg-round{--divider-pattern-repeat:round}.rtl .elementor-widget-divider .elementor-divider__text{direction:rtl}.e-con-inner>.elementor-widget-divider,.e-con>.elementor-widget-divider{width:var(--container-widget-width,100%);--flex-grow:var(--container-widget-flex-grow)}<\/style>\t\t<div class=\"elementor-divider\">\n\t\t\t<span class=\"elementor-divider-separator\">\n\t\t\t\t\t\t<\/span>\n\t\t<\/div>\n\t\t\t\t<\/div>\n\t\t\t\t<\/div>\n\t\t\t\t<div class=\"elementor-element elementor-element-94d156e elementor-hidden-desktop elementor-hidden-mobile elementor-widget elementor-widget-image\" data-id=\"94d156e\" data-element_type=\"widget\" data-widget_type=\"image.default\">\n\t\t\t\t<div class=\"elementor-widget-container\">\n\t\t\t\t\t\t\t\t\t\t\t\t\t\t\t<img loading=\"lazy\" decoding=\"async\" width=\"750\" height=\"750\" src=\"https:\/\/www.inovasec.sk\/iSdorOY3RYLwcix\/wp-content\/uploads\/2023\/10\/Wavy_Cst-01_Single-05-1024x1024.jpg\" class=\"attachment-large size-large wp-image-160\" alt=\"\" srcset=\"https:\/\/www.inovasec.sk\/iSdorOY3RYLwcix\/wp-content\/uploads\/2023\/10\/Wavy_Cst-01_Single-05-1024x1024.jpg 1024w, https:\/\/www.inovasec.sk\/iSdorOY3RYLwcix\/wp-content\/uploads\/2023\/10\/Wavy_Cst-01_Single-05-300x300.jpg 300w, https:\/\/www.inovasec.sk\/iSdorOY3RYLwcix\/wp-content\/uploads\/2023\/10\/Wavy_Cst-01_Single-05-150x150.jpg 150w, https:\/\/www.inovasec.sk\/iSdorOY3RYLwcix\/wp-content\/uploads\/2023\/10\/Wavy_Cst-01_Single-05-768x768.jpg 768w, https:\/\/www.inovasec.sk\/iSdorOY3RYLwcix\/wp-content\/uploads\/2023\/10\/Wavy_Cst-01_Single-05-1536x1536.jpg 1536w, https:\/\/www.inovasec.sk\/iSdorOY3RYLwcix\/wp-content\/uploads\/2023\/10\/Wavy_Cst-01_Single-05-2048x2048.jpg 2048w\" sizes=\"auto, (max-width: 750px) 100vw, 750px\" \/>\t\t\t\t\t\t\t\t\t\t\t\t\t\t\t<\/div>\n\t\t\t\t<\/div>\n\t\t\t\t<div class=\"elementor-element elementor-element-9860ccc elementor-hidden-desktop elementor-hidden-mobile elementor-widget elementor-widget-text-editor\" data-id=\"9860ccc\" data-element_type=\"widget\" data-widget_type=\"text-editor.default\">\n\t\t\t\t<div class=\"elementor-widget-container\">\n\t\t\t\t\t\t\t<ul>\n \t<li><strong>Pr\u00edstup na mieru:<\/strong> Na\u0161i odborn\u00edci spolupracuj\u00fa s ka\u017ed\u00fdm z\u00e1kazn\u00edkom na navrhovan\u00ed rie\u0161en\u00ed presne pod\u013ea jeho potrieb a podmienok.<\/li><br>\n \t<li><strong>Sk\u00fasen\u00fd t\u00edm odborn\u00edkov:<\/strong>\u00a0Na\u0161i odborn\u00edci maj\u00fa bohat\u00e9 sk\u00fasenosti v oblasti sol\u00e1rnych technol\u00f3gi\u00ed a energetick\u00fdch rie\u0161en\u00ed.<\/li><br>\n \t<li><strong>\u0160pecializovanos\u0165 v sol\u00e1rnych technol\u00f3gi\u00e1ch:<\/strong>\u00a0Na\u0161a firma sa \u0161pecializuje na sol\u00e1rne rie\u0161enia, \u010do n\u00e1m umo\u017e\u0148uje poskytova\u0165 vysokokvalitn\u00e9 sol\u00e1rne panely a rie\u0161enia na mieru pre na\u0161ich z\u00e1kazn\u00edkov.<\/li>\n \t<li style=\"list-style-type: none;\">\n<ul><\/ul>\n<\/li>\n<\/ul>\n<ul style=\"font-size: 19px; word-spacing: 5px;\"><\/ul>\t\t\t\t\t\t<\/div>\n\t\t\t\t<\/div>\n\t\t\t\t\t<\/div>\n\t\t\t\t<\/div>\n\t\t<div class=\"elementor-element elementor-element-5ec3b85 elementor-hidden-tablet e-flex e-con-boxed e-con e-parent\" data-id=\"5ec3b85\" data-element_type=\"container\" data-settings=\"{&quot;content_width&quot;:&quot;boxed&quot;}\" data-core-v316-plus=\"true\">\n\t\t\t\t\t<div class=\"e-con-inner\">\n\t\t<div class=\"elementor-element elementor-element-1e70f43 e-con-full e-transform e-flex e-con e-child\" data-id=\"1e70f43\" data-element_type=\"container\" data-settings=\"{&quot;content_width&quot;:&quot;full&quot;,&quot;_transform_translateX_effect&quot;:{&quot;unit&quot;:&quot;px&quot;,&quot;size&quot;:&quot;&quot;,&quot;sizes&quot;:[]},&quot;_transform_translateX_effect_tablet&quot;:{&quot;unit&quot;:&quot;px&quot;,&quot;size&quot;:&quot;&quot;,&quot;sizes&quot;:[]},&quot;_transform_translateX_effect_mobile&quot;:{&quot;unit&quot;:&quot;px&quot;,&quot;size&quot;:&quot;&quot;,&quot;sizes&quot;:[]},&quot;_transform_translateY_effect&quot;:{&quot;unit&quot;:&quot;px&quot;,&quot;size&quot;:&quot;&quot;,&quot;sizes&quot;:[]},&quot;_transform_translateY_effect_tablet&quot;:{&quot;unit&quot;:&quot;px&quot;,&quot;size&quot;:&quot;&quot;,&quot;sizes&quot;:[]},&quot;_transform_translateY_effect_mobile&quot;:{&quot;unit&quot;:&quot;px&quot;,&quot;size&quot;:&quot;&quot;,&quot;sizes&quot;:[]}}\">\n\t\t\t\t<div class=\"elementor-element elementor-element-c2dd42e elementor-widget elementor-widget-image\" data-id=\"c2dd42e\" data-element_type=\"widget\" data-widget_type=\"image.default\">\n\t\t\t\t<div class=\"elementor-widget-container\">\n\t\t\t\t\t\t\t\t\t\t\t\t\t\t\t<img loading=\"lazy\" decoding=\"async\" width=\"750\" height=\"750\" src=\"https:\/\/www.inovasec.sk\/iSdorOY3RYLwcix\/wp-content\/uploads\/2023\/11\/Obrazok1.png\" class=\"attachment-large size-large wp-image-1054\" alt=\"\" srcset=\"https:\/\/www.inovasec.sk\/iSdorOY3RYLwcix\/wp-content\/uploads\/2023\/11\/Obrazok1.png 750w, https:\/\/www.inovasec.sk\/iSdorOY3RYLwcix\/wp-content\/uploads\/2023\/11\/Obrazok1-300x300.png 300w, https:\/\/www.inovasec.sk\/iSdorOY3RYLwcix\/wp-content\/uploads\/2023\/11\/Obrazok1-150x150.png 150w\" sizes=\"auto, (max-width: 750px) 100vw, 750px\" \/>\t\t\t\t\t\t\t\t\t\t\t\t\t\t\t<\/div>\n\t\t\t\t<\/div>\n\t\t\t\t<\/div>\n\t\t<div class=\"elementor-element elementor-element-37af2ae e-con-full e-flex e-con e-child\" data-id=\"37af2ae\" data-element_type=\"container\" data-settings=\"{&quot;content_width&quot;:&quot;full&quot;}\">\n\t\t\t\t<div class=\"elementor-element elementor-element-0bbf1f0 elementor-widget elementor-widget-text-editor\" data-id=\"0bbf1f0\" data-element_type=\"widget\" data-widget_type=\"text-editor.default\">\n\t\t\t\t<div class=\"elementor-widget-container\">\n\t\t\t\t\t\t\t<p>Sme INOVASEC = sme t\u00edm zanieten\u00fdch odborn\u00edkov<\/p><p>Prin\u00e1\u0161a\u0165 INOVAt\u00edvne a\u00a0SECurity rie\u0161enia pre v\u00e1s je na\u0161a v\u00e1\u0161e\u0148<\/p><p>Pon\u00fakame individu\u00e1lny proz\u00e1kazn\u00edcky obchodn\u00fd pr\u00edstup<\/p><p>Dod\u00e1vame spo\u013eahliv\u00e9 rie\u0161enia, kvalitn\u00fd z\u00e1ru\u010dn\u00fd a poz\u00e1ru\u010dn\u00fd servis<\/p><p><span style=\"text-align: var(--text-align);\">Konkuren\u010dnou v\u00fdhodu s\u00fa komplexn\u00e9 rie\u0161enia:<\/span><\/p><ul><li>elektroin\u0161tal\u00e1ci\u00ed<\/li><li>\u0161trukt\u00farovan\u00fdch kabel\u00e1\u017e\u00ed<\/li><li>bezpe\u010dnostn\u00fdch syst\u00e9mov objektov<\/li><li>internetov\u00e9ho pripojenia a\u00a0d\u00e1tov\u00fdch okruhov<\/li><\/ul><p>Pridanou hodnotou ja \u0161pecializ\u00e1cia na zelen\u00fa energiu \u2013 fotovoltick\u00e9 zariadenia<\/p>\t\t\t\t\t\t<\/div>\n\t\t\t\t<\/div>\n\t\t\t\t<\/div>\n\t\t\t\t\t<\/div>\n\t\t\t\t<\/div>\n\t\t\t\t\t\t\t<\/div>\n\t\t","protected":false},"excerpt":{"rendered":"<p>O n\u00e1s Sme spolo\u010dnos\u0165 profesion\u00e1lne zameran\u00e1 na dod\u00e1vku komplexn\u00fdch rie\u0161en\u00ed integrovan\u00e9ho zabezpe\u010denia objektov, realiz\u00e1ciu elektroin\u0161tal\u00e1cie a poskytovania internetov\u00e9ho pripojenia a d\u00e1tov\u00fdch okruhov. S\u00fa\u010dasne pon\u00fakame na\u0161e know-how pri prechode na obnovite\u013en\u00e9 zdroje a vyu\u017e\u00edvanie zelenej energie, kedy dod\u00e1vame v\u00fdstavbu fotovoltick\u00fdch elektr\u00e1rn\u00ed na k\u013e\u00fa\u010d. \u00a0 Opierame sa o 20 ro\u010dn\u00e9 sk\u00fasenosti na\u0161ich [&hellip;]<\/p>\n","protected":false},"author":1,"featured_media":0,"parent":0,"menu_order":0,"comment_status":"closed","ping_status":"closed","template":"","meta":{"footnotes":""},"class_list":["post-17","page","type-page","status-publish","hentry"],"_links":{"self":[{"href":"https:\/\/www.inovasec.sk\/iSdorOY3RYLwcix\/wp-json\/wp\/v2\/pages\/17","targetHints":{"allow":["GET"]}}],"collection":[{"href":"https:\/\/www.inovasec.sk\/iSdorOY3RYLwcix\/wp-json\/wp\/v2\/pages"}],"about":[{"href":"https:\/\/www.inovasec.sk\/iSdorOY3RYLwcix\/wp-json\/wp\/v2\/types\/page"}],"author":[{"embeddable":true,"href":"https:\/\/www.inovasec.sk\/iSdorOY3RYLwcix\/wp-json\/wp\/v2\/users\/1"}],"replies":[{"embeddable":true,"href":"https:\/\/www.inovasec.sk\/iSdorOY3RYLwcix\/wp-json\/wp\/v2\/comments?post=17"}],"version-history":[{"count":332,"href":"https:\/\/www.inovasec.sk\/iSdorOY3RYLwcix\/wp-json\/wp\/v2\/pages\/17\/revisions"}],"predecessor-version":[{"id":1265,"href":"https:\/\/www.inovasec.sk\/iSdorOY3RYLwcix\/wp-json\/wp\/v2\/pages\/17\/revisions\/1265"}],"wp:attachment":[{"href":"https:\/\/www.inovasec.sk\/iSdorOY3RYLwcix\/wp-json\/wp\/v2\/media?parent=17"}],"curies":[{"name":"wp","href":"https:\/\/api.w.org\/{rel}","templated":true}]}}